{"id":8,"date":"2023-02-01T10:40:43","date_gmt":"2023-02-01T15:40:43","guid":{"rendered":"https:\/\/ugtrenewables.com\/?page_id=8"},"modified":"2023-09-15T09:33:55","modified_gmt":"2023-09-15T13:33:55","slug":"projects","status":"publish","type":"page","link":"https:\/\/ugtrenewables.com\/es\/projects\/","title":{"rendered":"Nuestros proyectos"},"content":{"rendered":"<div class=\"wp-block-group is-layout-flow wp-block-group-is-layout-flow\">\n<div\n  id = \"marquee-block_90713df0f2d596e0833d7fa52a9d84aa\"\n  class = \"sm2-marquee sm2-marquee-image js-on-scroll-fade opacity-0\">\n\n          <div class=\"sm2-marquee-image-src\"  style=\"background-image:url(https:\/\/ugtrenewables.com\/wp-content\/uploads\/2023\/02\/biopio1.jpg);\">\n      <\/div>\n    \n    <div class=\"sm2-marquee-content\">\n      <h1 class=\"sm2-marquee-title\">Aprovechar la capacidad del sol para cambiar nuestro mundo.<\/h1>\n      <span class=\"sm2-marquee-subtitle js-on-scroll-fade-delay opacity-0\"> Adem\u00e1s de contar con varios proyectos solares en progreso, UGT Renewables est\u00e1 liderando el cambio al brindar soluciones de energ\u00eda limpia para Eurasia y Am\u00e9rica Latina. <\/span>    <\/div>\n\n<\/div>\n\n  <div class=\"breadcrumbs js-on-scroll-fade opacity-0\">\n    <nav id=\"breadcrumbs\"><span><span><a href=\"https:\/\/ugtrenewables.com\/es\/\"><i class=\"fas fa-home\"><span class=\"sr-only\">P\u00e1gina principal<\/span><\/i><\/a><\/span><\/span><\/nav>  <\/div>\n<\/div>\n\n\n\n<div class=\"wp-block-group is-layout-flow wp-block-group-is-layout-flow\">\n<div\n  id = \"loop-projects-block_0fb76e37f6f6f12f4beca668f0c48fca\"\n  class = \"relative sm2-loop-projects\">\n\n  <div class=\"sm2-loop-projects-container sm2-columns-image-style\">\n    \n        <div id=\"post-8\" class=\"sm2-columns\">\n\n          <div class=\"sm2-columns-column js-on-scroll-slide-left opacity-0\">\n            <div class=\"sm2-loop-projects-content\">\n              \n              <span class=\"sm2-post-label\">Estado: En desarrollo<\/span>\n              <h2 class=\"sm2-heading\"><a href=\"https:\/\/ugtrenewables.com\/es\/projects\/montenegro-utility-scale-solar-plants\/\">Montenegro: Proyecto de plantas solares fotovoltaicas a gran escala<\/a><\/h2>\n              <div class=\"sm2-lead\"><p>UGT Renewables asiste a Montenegro en una transici\u00f3n r\u00e1pida y eficaz hacia una energ\u00eda m\u00e1s limpia y ecol\u00f3gica. Las plantas solares fotovoltaicas a escala de servicios p\u00fablicos y el almacenamiento de energ\u00eda que se est\u00e1n desarrollando est\u00e1n contrarrestando d\u00e9cadas de descuido y falta de inversiones en las capacidades de producci\u00f3n de energ\u00eda y ser\u00e1n de ayuda para que Montenegro pueda crear un futuro mejor.<\/p>\n<\/div>\n\n              <a class=\"sm2-button\" href=\"https:\/\/ugtrenewables.com\/es\/projects\/montenegro-utility-scale-solar-plants\/\">M\u00e1s informaci\u00f3n<\/a>\n            <\/div>\n          <\/div>\n\n          <div class=\"sm2-columns-column js-on-scroll-slide-right opacity-0\">\n          <div class=\"sm2-image-container\">\n            <img loading=\"lazy\" decoding=\"async\" width=\"1400\" height=\"934\" src=\"https:\/\/ugtrenewables.com\/wp-content\/uploads\/2023\/02\/montenegro2.jpg\" class=\"sm2-image\" alt=\"Members of Montenegro&#039;s EPCG and US-based UGT Renewables during the agreement signing\" srcset=\"https:\/\/ugtrenewables.com\/wp-content\/uploads\/2023\/02\/montenegro2.jpg 1400w, https:\/\/ugtrenewables.com\/wp-content\/uploads\/2023\/02\/montenegro2-300x200.jpg 300w, https:\/\/ugtrenewables.com\/wp-content\/uploads\/2023\/02\/montenegro2-1024x683.jpg 1024w, https:\/\/ugtrenewables.com\/wp-content\/uploads\/2023\/02\/montenegro2-768x512.jpg 768w\" sizes=\"auto, (max-width: 1400px) 100vw, 1400px\" \/>            <\/div>\n          <\/div>\n\n        <\/div>\n\n        \n        <div id=\"post-8\" class=\"sm2-columns\">\n\n          <div class=\"sm2-columns-column js-on-scroll-slide-left opacity-0\">\n            <div class=\"sm2-loop-projects-content\">\n              \n              <span class=\"sm2-post-label\">Estado: En desarrollo<\/span>\n              <h2 class=\"sm2-heading\"><a href=\"https:\/\/ugtrenewables.com\/es\/projects\/serbia-solar-and-storage-project\/\">Serbia: Proyecto de energ\u00eda solar y de almacenamiento de energ\u00eda en bater\u00edas a gran escala<\/a><\/h2>\n              <div class=\"sm2-lead\"><p>Bringing reliable energy to every corner of Serbia, UGT Renewables is developing a series of self-balanced utility-scale solar along with battery energy storage. This project will transform an outdated energy grid, improve energy security, and help Serbia achieve electricity independence at an affordable price.<\/p>\n<\/div>\n\n              <a class=\"sm2-button\" href=\"https:\/\/ugtrenewables.com\/es\/projects\/serbia-solar-and-storage-project\/\">M\u00e1s informaci\u00f3n<\/a>\n            <\/div>\n          <\/div>\n\n          <div class=\"sm2-columns-column js-on-scroll-slide-right opacity-0\">\n          <div class=\"sm2-image-container\">\n            <img loading=\"lazy\" decoding=\"async\" width=\"1920\" height=\"1279\" src=\"https:\/\/ugtrenewables.com\/wp-content\/uploads\/2023\/02\/serbia1.jpg\" class=\"sm2-image\" alt=\"Aerial view of the Dusanovac Site\" srcset=\"https:\/\/ugtrenewables.com\/wp-content\/uploads\/2023\/02\/serbia1.jpg 1920w, https:\/\/ugtrenewables.com\/wp-content\/uploads\/2023\/02\/serbia1-300x200.jpg 300w, https:\/\/ugtrenewables.com\/wp-content\/uploads\/2023\/02\/serbia1-1024x682.jpg 1024w, https:\/\/ugtrenewables.com\/wp-content\/uploads\/2023\/02\/serbia1-768x512.jpg 768w, https:\/\/ugtrenewables.com\/wp-content\/uploads\/2023\/02\/serbia1-1536x1023.jpg 1536w\" sizes=\"auto, (max-width: 1920px) 100vw, 1920px\" \/>            <\/div>\n          <\/div>\n\n        <\/div>\n\n                    \n  <\/div>\n\n<\/div>\n\n\n<div\n  id = \"columns-image-style-block_d509cbcbb20e41698709437691d3fa81\"\n  class = \"sm2-columns-image-style\">\n    <div class=\"sm2-columns\">\n\n      <div class=\"sm2-columns-column js-on-scroll-slide-left opacity-0\">\n                  <span class=\"sm2-post-label\">Pr\u00f3ximos proyectos<\/span>\n                          <h2 class=\"sm2-heading\">Estos proyectos son solo el comienzo.<\/h2>\n                          <div class=\"sm2-lead\"><p>Cada uno de nuestros proyectos es un paso hacia un mundo con una matriz de energ\u00eda m\u00e1s diversificada, redes nacionales m\u00e1s s\u00f3lidas y un acceso m\u00e1s f\u00e1cil a energ\u00eda limpia y asequible. No importa cu\u00e1les sean los objetivos energ\u00e9ticos de una naci\u00f3n, nuestras soluciones causar\u00e1n un gran impacto. Estamos ansiosos por seguir trabajando con socios ambiciosos para que juntos podamos darle una nueva forma al futuro del planeta.<\/p>\n<\/div>\n                      <\/div>\n\n      <div class=\"sm2-columns-column js-on-scroll-slide-right opacity-0\">\n                  <div class=\"sm2-image-container\">\n            <img loading=\"lazy\" decoding=\"async\" width=\"1400\" height=\"788\" src=\"https:\/\/ugtrenewables.com\/wp-content\/uploads\/2023\/02\/img23.jpg\" class=\"sm2-image\" alt=\"Large solar panel installation in open landscape with mountains in the background\" srcset=\"https:\/\/ugtrenewables.com\/wp-content\/uploads\/2023\/02\/img23.jpg 1400w, https:\/\/ugtrenewables.com\/wp-content\/uploads\/2023\/02\/img23-300x169.jpg 300w, https:\/\/ugtrenewables.com\/wp-content\/uploads\/2023\/02\/img23-1024x576.jpg 1024w, https:\/\/ugtrenewables.com\/wp-content\/uploads\/2023\/02\/img23-768x432.jpg 768w\" sizes=\"auto, (max-width: 1400px) 100vw, 1400px\" \/>          <\/div>\n              <\/div>\n\n    <\/div>\n<\/div><\/div>","protected":false},"excerpt":{"rendered":"","protected":false},"author":2,"featured_media":200,"parent":0,"menu_order":0,"comment_status":"closed","ping_status":"closed","template":"","meta":{"_acf_changed":false,"inline_featured_image":false,"footnotes":""},"class_list":["post-8","page","type-page","status-publish","has-post-thumbnail","hentry"],"acf":[],"yoast_head":"<!-- This site is optimized with the Yoast SEO plugin v27.3 - https:\/\/yoast.com\/product\/yoast-seo-wordpress\/ -->\n<title>Our Clean Energy Projects | UGT Renewables<\/title>\n<meta name=\"description\" content=\"With a number of solar projects being developed in Eurasia and Latin America, UGT Renewables is delivering the next generation of clean energy solutions.\" \/>\n<meta name=\"robots\" content=\"index, follow, max-snippet:-1, max-image-preview:large, max-video-preview:-1\" \/>\n<link rel=\"canonical\" href=\"https:\/\/ugtrenewables.com\/es\/projects\/\" \/>\n<meta property=\"og:locale\" content=\"es_ES\" \/>\n<meta property=\"og:type\" content=\"article\" \/>\n<meta property=\"og:title\" content=\"Our Clean Energy Projects | UGT Renewables\" \/>\n<meta property=\"og:description\" content=\"With a number of solar projects being developed in Eurasia and Latin America, UGT Renewables is delivering the next generation of clean energy solutions.\" \/>\n<meta property=\"og:url\" content=\"https:\/\/ugtrenewables.com\/es\/projects\/\" \/>\n<meta property=\"og:site_name\" content=\"UGT Renewables\" \/>\n<meta property=\"article:modified_time\" content=\"2023-09-15T13:33:55+00:00\" \/>\n<meta property=\"og:image\" content=\"https:\/\/ugtrenewables.com\/wp-content\/uploads\/2023\/02\/biopio1.jpg\" \/>\n\t<meta property=\"og:image:width\" content=\"1920\" \/>\n\t<meta property=\"og:image:height\" content=\"1080\" \/>\n\t<meta property=\"og:image:type\" content=\"image\/jpeg\" \/>\n<meta name=\"twitter:card\" content=\"summary_large_image\" \/>\n<script type=\"application\/ld+json\" class=\"yoast-schema-graph\">{\"@context\":\"https:\\\/\\\/schema.org\",\"@graph\":[{\"@type\":\"WebPage\",\"@id\":\"https:\\\/\\\/ugtrenewables.com\\\/projects\\\/\",\"url\":\"https:\\\/\\\/ugtrenewables.com\\\/projects\\\/\",\"name\":\"Our Clean Energy Projects | UGT Renewables\",\"isPartOf\":{\"@id\":\"https:\\\/\\\/ugtrenewables.com\\\/#website\"},\"primaryImageOfPage\":{\"@id\":\"https:\\\/\\\/ugtrenewables.com\\\/projects\\\/#primaryimage\"},\"image\":{\"@id\":\"https:\\\/\\\/ugtrenewables.com\\\/projects\\\/#primaryimage\"},\"thumbnailUrl\":\"https:\\\/\\\/ugtrenewables.com\\\/wp-content\\\/uploads\\\/2023\\\/02\\\/biopio1.jpg\",\"datePublished\":\"2023-02-01T15:40:43+00:00\",\"dateModified\":\"2023-09-15T13:33:55+00:00\",\"description\":\"With a number of solar projects being developed in Eurasia and Latin America, UGT Renewables is delivering the next generation of clean energy solutions.\",\"breadcrumb\":{\"@id\":\"https:\\\/\\\/ugtrenewables.com\\\/projects\\\/#breadcrumb\"},\"inLanguage\":\"es\",\"potentialAction\":[{\"@type\":\"ReadAction\",\"target\":[\"https:\\\/\\\/ugtrenewables.com\\\/projects\\\/\"]}]},{\"@type\":\"ImageObject\",\"inLanguage\":\"es\",\"@id\":\"https:\\\/\\\/ugtrenewables.com\\\/projects\\\/#primaryimage\",\"url\":\"https:\\\/\\\/ugtrenewables.com\\\/wp-content\\\/uploads\\\/2023\\\/02\\\/biopio1.jpg\",\"contentUrl\":\"https:\\\/\\\/ugtrenewables.com\\\/wp-content\\\/uploads\\\/2023\\\/02\\\/biopio1.jpg\",\"width\":1920,\"height\":1080,\"caption\":\"At 188.88 MWdc, the Biopio site in Benguela is the largest single solar PV project in Sub-Saharan Africa.\"},{\"@type\":\"BreadcrumbList\",\"@id\":\"https:\\\/\\\/ugtrenewables.com\\\/projects\\\/#breadcrumb\",\"itemListElement\":[{\"@type\":\"ListItem\",\"position\":1,\"name\":\"Home\",\"item\":\"https:\\\/\\\/ugtrenewables.com\\\/\"},{\"@type\":\"ListItem\",\"position\":2,\"name\":\"Our Projects\"}]},{\"@type\":\"WebSite\",\"@id\":\"https:\\\/\\\/ugtrenewables.com\\\/#website\",\"url\":\"https:\\\/\\\/ugtrenewables.com\\\/\",\"name\":\"UGT Renewables\",\"description\":\"Clean energy solutions\",\"publisher\":{\"@id\":\"https:\\\/\\\/ugtrenewables.com\\\/#organization\"},\"potentialAction\":[{\"@type\":\"SearchAction\",\"target\":{\"@type\":\"EntryPoint\",\"urlTemplate\":\"https:\\\/\\\/ugtrenewables.com\\\/?s={search_term_string}\"},\"query-input\":{\"@type\":\"PropertyValueSpecification\",\"valueRequired\":true,\"valueName\":\"search_term_string\"}}],\"inLanguage\":\"es\"},{\"@type\":\"Organization\",\"@id\":\"https:\\\/\\\/ugtrenewables.com\\\/#organization\",\"name\":\"UGT Renewables\",\"alternateName\":\"Urban Green Tech\",\"url\":\"https:\\\/\\\/ugtrenewables.com\\\/\",\"logo\":{\"@type\":\"ImageObject\",\"inLanguage\":\"es\",\"@id\":\"https:\\\/\\\/ugtrenewables.com\\\/#\\\/schema\\\/logo\\\/image\\\/\",\"url\":\"https:\\\/\\\/ugtrenewables.com\\\/wp-content\\\/uploads\\\/2023\\\/02\\\/logo.svg\",\"contentUrl\":\"https:\\\/\\\/ugtrenewables.com\\\/wp-content\\\/uploads\\\/2023\\\/02\\\/logo.svg\",\"width\":\"1024\",\"height\":\"1024\",\"caption\":\"UGT Renewables\"},\"image\":{\"@id\":\"https:\\\/\\\/ugtrenewables.com\\\/#\\\/schema\\\/logo\\\/image\\\/\"}}]}<\/script>\n<!-- \/ Yoast SEO plugin. -->","yoast_head_json":{"title":"Our Clean Energy Projects | UGT Renewables","description":"With a number of solar projects being developed in Eurasia and Latin America, UGT Renewables is delivering the next generation of clean energy solutions.","robots":{"index":"index","follow":"follow","max-snippet":"max-snippet:-1","max-image-preview":"max-image-preview:large","max-video-preview":"max-video-preview:-1"},"canonical":"https:\/\/ugtrenewables.com\/es\/projects\/","og_locale":"es_ES","og_type":"article","og_title":"Our Clean Energy Projects | UGT Renewables","og_description":"With a number of solar projects being developed in Eurasia and Latin America, UGT Renewables is delivering the next generation of clean energy solutions.","og_url":"https:\/\/ugtrenewables.com\/es\/projects\/","og_site_name":"UGT Renewables","article_modified_time":"2023-09-15T13:33:55+00:00","og_image":[{"width":1920,"height":1080,"url":"https:\/\/ugtrenewables.com\/wp-content\/uploads\/2023\/02\/biopio1.jpg","type":"image\/jpeg"}],"twitter_card":"summary_large_image","schema":{"@context":"https:\/\/schema.org","@graph":[{"@type":"WebPage","@id":"https:\/\/ugtrenewables.com\/projects\/","url":"https:\/\/ugtrenewables.com\/projects\/","name":"Our Clean Energy Projects | UGT Renewables","isPartOf":{"@id":"https:\/\/ugtrenewables.com\/#website"},"primaryImageOfPage":{"@id":"https:\/\/ugtrenewables.com\/projects\/#primaryimage"},"image":{"@id":"https:\/\/ugtrenewables.com\/projects\/#primaryimage"},"thumbnailUrl":"https:\/\/ugtrenewables.com\/wp-content\/uploads\/2023\/02\/biopio1.jpg","datePublished":"2023-02-01T15:40:43+00:00","dateModified":"2023-09-15T13:33:55+00:00","description":"With a number of solar projects being developed in Eurasia and Latin America, UGT Renewables is delivering the next generation of clean energy solutions.","breadcrumb":{"@id":"https:\/\/ugtrenewables.com\/projects\/#breadcrumb"},"inLanguage":"es","potentialAction":[{"@type":"ReadAction","target":["https:\/\/ugtrenewables.com\/projects\/"]}]},{"@type":"ImageObject","inLanguage":"es","@id":"https:\/\/ugtrenewables.com\/projects\/#primaryimage","url":"https:\/\/ugtrenewables.com\/wp-content\/uploads\/2023\/02\/biopio1.jpg","contentUrl":"https:\/\/ugtrenewables.com\/wp-content\/uploads\/2023\/02\/biopio1.jpg","width":1920,"height":1080,"caption":"At 188.88 MWdc, the Biopio site in Benguela is the largest single solar PV project in Sub-Saharan Africa."},{"@type":"BreadcrumbList","@id":"https:\/\/ugtrenewables.com\/projects\/#breadcrumb","itemListElement":[{"@type":"ListItem","position":1,"name":"Home","item":"https:\/\/ugtrenewables.com\/"},{"@type":"ListItem","position":2,"name":"Our Projects"}]},{"@type":"WebSite","@id":"https:\/\/ugtrenewables.com\/#website","url":"https:\/\/ugtrenewables.com\/","name":"UGT Renewables","description":"Clean energy solutions","publisher":{"@id":"https:\/\/ugtrenewables.com\/#organization"},"potentialAction":[{"@type":"SearchAction","target":{"@type":"EntryPoint","urlTemplate":"https:\/\/ugtrenewables.com\/?s={search_term_string}"},"query-input":{"@type":"PropertyValueSpecification","valueRequired":true,"valueName":"search_term_string"}}],"inLanguage":"es"},{"@type":"Organization","@id":"https:\/\/ugtrenewables.com\/#organization","name":"UGT Renewables","alternateName":"Urban Green Tech","url":"https:\/\/ugtrenewables.com\/","logo":{"@type":"ImageObject","inLanguage":"es","@id":"https:\/\/ugtrenewables.com\/#\/schema\/logo\/image\/","url":"https:\/\/ugtrenewables.com\/wp-content\/uploads\/2023\/02\/logo.svg","contentUrl":"https:\/\/ugtrenewables.com\/wp-content\/uploads\/2023\/02\/logo.svg","width":"1024","height":"1024","caption":"UGT Renewables"},"image":{"@id":"https:\/\/ugtrenewables.com\/#\/schema\/logo\/image\/"}}]}},"_links":{"self":[{"href":"https:\/\/ugtrenewables.com\/es\/wp-json\/wp\/v2\/pages\/8","targetHints":{"allow":["GET"]}}],"collection":[{"href":"https:\/\/ugtrenewables.com\/es\/wp-json\/wp\/v2\/pages"}],"about":[{"href":"https:\/\/ugtrenewables.com\/es\/wp-json\/wp\/v2\/types\/page"}],"author":[{"embeddable":true,"href":"https:\/\/ugtrenewables.com\/es\/wp-json\/wp\/v2\/users\/2"}],"replies":[{"embeddable":true,"href":"https:\/\/ugtrenewables.com\/es\/wp-json\/wp\/v2\/comments?post=8"}],"version-history":[{"count":0,"href":"https:\/\/ugtrenewables.com\/es\/wp-json\/wp\/v2\/pages\/8\/revisions"}],"wp:featuredmedia":[{"embeddable":true,"href":"https:\/\/ugtrenewables.com\/es\/wp-json\/wp\/v2\/media\/200"}],"wp:attachment":[{"href":"https:\/\/ugtrenewables.com\/es\/wp-json\/wp\/v2\/media?parent=8"}],"curies":[{"name":"wp","href":"https:\/\/api.w.org\/{rel}","templated":true}]}}